{"id":127,"date":"2025-06-10T16:47:05","date_gmt":"2025-06-10T16:47:05","guid":{"rendered":"https:\/\/sandy.hr\/?page_id=127"},"modified":"2025-06-10T16:47:05","modified_gmt":"2025-06-10T16:47:05","slug":"test","status":"publish","type":"page","link":"https:\/\/sandy.hr\/?page_id=127","title":{"rendered":"Test"},"content":{"rendered":"\n\n\n\n\n<h2>Naslov TEST<\/h2>\n\n\n\n\n\n<p [object NamedNodeMap]><span style=\"font-size:15.0pt;line-height:107%;font-family:\n&quot;Arial&quot;,sans-serif;color:#080808;background:white\">&#8220;Podrijetlo ro\u0111enja<br>kroz sjedinjenje i energiju u ciklusu transformacije, to\u010dka susreta jedinstva,<br>\u0161irenja i svijesti \u2014 individualna svijest.&#8221;<\/span><\/p>\n\n\n\n\n\n\n\n\n\n\n\n\n\n\n","protected":false},"excerpt":{"rendered":"","protected":false},"author":1,"featured_media":0,"parent":0,"menu_order":0,"comment_status":"closed","ping_status":"closed","template":"","meta":{"footnotes":""},"class_list":["post-127","page","type-page","status-publish","hentry"],"_links":{"self":[{"href":"https:\/\/sandy.hr\/index.php?rest_route=\/wp\/v2\/pages\/127","targetHints":{"allow":["GET"]}}],"collection":[{"href":"https:\/\/sandy.hr\/index.php?rest_route=\/wp\/v2\/pages"}],"about":[{"href":"https:\/\/sandy.hr\/index.php?rest_route=\/wp\/v2\/types\/page"}],"author":[{"embeddable":true,"href":"https:\/\/sandy.hr\/index.php?rest_route=\/wp\/v2\/users\/1"}],"replies":[{"embeddable":true,"href":"https:\/\/sandy.hr\/index.php?rest_route=%2Fwp%2Fv2%2Fcomments&post=127"}],"version-history":[{"count":3,"href":"https:\/\/sandy.hr\/index.php?rest_route=\/wp\/v2\/pages\/127\/revisions"}],"predecessor-version":[{"id":135,"href":"https:\/\/sandy.hr\/index.php?rest_route=\/wp\/v2\/pages\/127\/revisions\/135"}],"wp:attachment":[{"href":"https:\/\/sandy.hr\/index.php?rest_route=%2Fwp%2Fv2%2Fmedia&parent=127"}],"curies":[{"name":"wp","href":"https:\/\/api.w.org\/{rel}","templated":true}]}}